{"id":90,"date":"2017-02-21T23:16:14","date_gmt":"2017-02-21T22:16:14","guid":{"rendered":"http:\/\/sodermalmsbillackering.se\/?page_id=90"},"modified":"2017-02-22T00:41:42","modified_gmt":"2017-02-21T23:41:42","slug":"vid-skada","status":"publish","type":"page","link":"https:\/\/sodermalmsbillackering.se\/?page_id=90","title":{"rendered":"Vid Skada"},"content":{"rendered":"<p>Vi p\u00e5 S\u00f6dermalms Billackering g\u00f6r det smidigt och enkelt f\u00f6r dig n\u00e4r oturen varit framme.<\/p>\n<p>N\u00e4r du r\u00e5kat ut f\u00f6r en skada kontaktar du ditt f\u00f6rs\u00e4kringsbolag f\u00f6r en skadeanm\u00e4lan. Du f\u00e5r ett skadenummer av f\u00f6rs\u00e4kringsbolaget.<\/p>\n<p>D\u00e4refter kontaktar du oss f\u00f6r en skadebesiktning och vi bokar upp en tid. Ta med dina f\u00f6rs\u00e4kringspapper och det skadenummer du fick vid anm\u00e4lan. Vi g\u00f6r en skadekalkyl som skickas till ditt f\u00f6rs\u00e4kringsbolag.<\/p>\n<p>N\u00e4r de gett klartecken bokar vi tid f\u00f6r reparation. Vi tar hand om hela kedjan inklusive pl\u00e5t- och riktarbeten.<\/p>\n<p><img loading=\"lazy\" class=\"alignnone size-medium wp-image-88\" src=\"http:\/\/sodermalmsbillackering.se\/wp-content\/uploads\/2017\/02\/PICT8066_lr-300x191.jpg\" alt=\"\" width=\"300\" height=\"191\" srcset=\"https:\/\/sodermalmsbillackering.se\/wp-content\/uploads\/2017\/02\/PICT8066_lr-300x191.jpg 300w, https:\/\/sodermalmsbillackering.se\/wp-content\/uploads\/2017\/02\/PICT8066_lr.jpg 400w\" sizes=\"(max-width: 300px) 100vw, 300px\" \/><\/p>\n","protected":false},"excerpt":{"rendered":"<p>Vi p\u00e5 S\u00f6dermalms Billackering g\u00f6r det smidigt och enkelt f\u00f6r dig n\u00e4r oturen varit framme. N\u00e4r du r\u00e5kat ut f\u00f6r en skada kontaktar du ditt f\u00f6rs\u00e4kringsbolag f\u00f6r en skadeanm\u00e4lan. Du f\u00e5r ett skadenummer av f\u00f6rs\u00e4kringsbolaget. D\u00e4refter kontaktar du oss f\u00f6r en skadebesiktning och vi bokar upp en tid. Ta med dina f\u00f6rs\u00e4kringspapper och det skadenummer &hellip; <\/p>\n<p class=\"link-more\"><a href=\"https:\/\/sodermalmsbillackering.se\/?page_id=90\" class=\"more-link\">Forts\u00e4tt l\u00e4sa<span class=\"screen-reader-text\"> &#8221;Vid Skada&#8221;<\/span><\/a><\/p>\n","protected":false},"author":1,"featured_media":0,"parent":0,"menu_order":0,"comment_status":"closed","ping_status":"closed","template":"","meta":[],"_links":{"self":[{"href":"https:\/\/sodermalmsbillackering.se\/index.php?rest_route=\/wp\/v2\/pages\/90"}],"collection":[{"href":"https:\/\/sodermalmsbillackering.se\/index.php?rest_route=\/wp\/v2\/pages"}],"about":[{"href":"https:\/\/sodermalmsbillackering.se\/index.php?rest_route=\/wp\/v2\/types\/page"}],"author":[{"embeddable":true,"href":"https:\/\/sodermalmsbillackering.se\/index.php?rest_route=\/wp\/v2\/users\/1"}],"replies":[{"embeddable":true,"href":"https:\/\/sodermalmsbillackering.se\/index.php?rest_route=%2Fwp%2Fv2%2Fcomments&post=90"}],"version-history":[{"count":3,"href":"https:\/\/sodermalmsbillackering.se\/index.php?rest_route=\/wp\/v2\/pages\/90\/revisions"}],"predecessor-version":[{"id":141,"href":"https:\/\/sodermalmsbillackering.se\/index.php?rest_route=\/wp\/v2\/pages\/90\/revisions\/141"}],"wp:attachment":[{"href":"https:\/\/sodermalmsbillackering.se\/index.php?rest_route=%2Fwp%2Fv2%2Fmedia&parent=90"}],"curies":[{"name":"wp","href":"https:\/\/api.w.org\/{rel}","templated":true}]}}