{"id":66,"date":"2017-02-21T22:21:05","date_gmt":"2017-02-21T21:21:05","guid":{"rendered":"http:\/\/sodermalmsbillackering.se\/?page_id=66"},"modified":"2020-09-08T23:23:19","modified_gmt":"2020-09-08T21:23:19","slug":"startsida-2","status":"publish","type":"page","link":"https:\/\/sodermalmsbillackering.se\/","title":{"rendered":"Startsida"},"content":{"rendered":"<p><strong>V\u00e4lkommen till S\u00f6dermalms Billackering AB grundat 1947<\/strong><\/p>\n<p>Vi p\u00e5 S\u00f6dermalms Billackering hanterar alla slags skador inklusive pl\u00e5t- och riktarbeten.<br>\nOavsett om det g\u00e4ller det f\u00f6rs\u00e4kringsskador, bilpl\u00e5t, st\u00f6tf\u00e5ngare, spoilers eller lackering. Kom in eller h\u00f6r av dig till oss s\u00e5 tar vi hand om hela processen.<\/p>\n\n<div id=\"metaslider-id-160\" style=\"width: 100%;\" class=\"ml-slider-3-19-1 metaslider metaslider-flex metaslider-160 ml-slider nav-hidden\">\n    <div id=\"metaslider_container_160\">\n        <div id=\"metaslider_160\">\n            <ul aria-live=\"polite\" class=\"slides\">\n                <li style=\"display: block; width: 100%;\" class=\"slide-176 ms-image\"><img src=\"https:\/\/sodermalmsbillackering.se\/wp-content\/uploads\/2020\/09\/20200826_080406_lr-1000x667.jpg\" height=\"667\" width=\"1000\" alt=\"\" class=\"slider-160 slide-176\" title=\"Slipning\" \/><\/li>\n                <li style=\"display: none; width: 100%;\" class=\"slide-171 ms-image\"><img src=\"https:\/\/sodermalmsbillackering.se\/wp-content\/uploads\/2020\/09\/20200904_080204_lr-1000x667.jpg\" height=\"667\" width=\"1000\" alt=\"\" class=\"slider-160 slide-171\" title=\"Maskering\" \/><\/li>\n                <li style=\"display: none; width: 100%;\" class=\"slide-172 ms-image\"><img src=\"https:\/\/sodermalmsbillackering.se\/wp-content\/uploads\/2020\/09\/20200904_073948_lr-1000x667.jpg\" height=\"667\" width=\"1000\" alt=\"\" class=\"slider-160 slide-172\" title=\"Maskering\" \/><\/li>\n                <li style=\"display: none; width: 100%;\" class=\"slide-170 ms-image\"><img src=\"https:\/\/sodermalmsbillackering.se\/wp-content\/uploads\/2020\/09\/20200904_135221_lr-1000x667.jpg\" height=\"667\" width=\"1000\" alt=\"\" class=\"slider-160 slide-170\" title=\"Lackerade d\u00f6rrar\" \/><\/li>\n                <li style=\"display: none; width: 100%;\" class=\"slide-187 ms-image\"><img src=\"https:\/\/sodermalmsbillackering.se\/wp-content\/uploads\/2020\/09\/20200904_140436_lr_slide-1000x667.jpg\" height=\"667\" width=\"1000\" alt=\"\" class=\"slider-160 slide-187\" title=\"Lackering\" \/><\/li>\n                <li style=\"display: none; width: 100%;\" class=\"slide-167 ms-image\"><img src=\"https:\/\/sodermalmsbillackering.se\/wp-content\/uploads\/2020\/09\/20200907_085455_lr-1000x667.jpg\" height=\"667\" width=\"1000\" alt=\"\" class=\"slider-160 slide-167\" title=\"Lackerat och klart\" \/><\/li>\n                <li style=\"display: none; width: 100%;\" class=\"slide-168 ms-image\"><img src=\"https:\/\/sodermalmsbillackering.se\/wp-content\/uploads\/2020\/09\/20200907_085508_lr-1000x667.jpg\" height=\"667\" width=\"1000\" alt=\"\" class=\"slider-160 slide-168\" title=\"Sjukt snyggt\" \/><\/li>\n                <li style=\"display: none; width: 100%;\" class=\"slide-186 ms-image\"><img src=\"https:\/\/sodermalmsbillackering.se\/wp-content\/uploads\/2020\/09\/20200904_110739_lr-1000x667.jpg\" height=\"667\" width=\"1000\" alt=\"\" class=\"slider-160 slide-186\" title=\"Race..!!!!\" \/><\/li>\n                <li style=\"display: none; width: 100%;\" class=\"slide-185 ms-image\"><img src=\"https:\/\/sodermalmsbillackering.se\/wp-content\/uploads\/2020\/09\/20200902_085409_lr-1000x667.jpg\" height=\"667\" width=\"1000\" alt=\"\" class=\"slider-160 slide-185\" title=\"Klart f\u00f6r lackering\" \/><\/li>\n                <li style=\"display: none; width: 100%;\" class=\"slide-191 ms-image\"><img src=\"https:\/\/sodermalmsbillackering.se\/wp-content\/uploads\/2020\/09\/20161201_092059_lr-1000x667.jpg\" height=\"667\" width=\"1000\" alt=\"\" class=\"slider-160 slide-191\" title=\"Full fart i verkstaden\" \/><\/li>\n                <li style=\"display: none; width: 100%;\" class=\"slide-200 ms-image\"><img src=\"https:\/\/sodermalmsbillackering.se\/wp-content\/uploads\/2020\/09\/20161201_092408_lr-1000x667.jpg\" height=\"667\" width=\"1000\" alt=\"\" class=\"slider-160 slide-200\" title=\"I lackboxen\" \/><\/li>\n                <li style=\"display: none; width: 100%;\" class=\"slide-211 ms-image\"><img src=\"https:\/\/sodermalmsbillackering.se\/wp-content\/uploads\/2020\/09\/Insta-1.jpg\" height=\"667\" width=\"1000\" alt=\"\" class=\"slider-160 slide-211\" title=\"Renault Alpine\" \/><\/li>\n                <li style=\"display: none; width: 100%;\" class=\"slide-210 ms-image\"><img src=\"https:\/\/sodermalmsbillackering.se\/wp-content\/uploads\/2020\/09\/Insta-3.jpg\" height=\"667\" width=\"1000\" alt=\"\" class=\"slider-160 slide-210\" title=\"Klar f\u00f6r lackering av motorutrymme\" \/><\/li>\n                <li style=\"display: none; width: 100%;\" class=\"slide-212 ms-image\"><img src=\"https:\/\/sodermalmsbillackering.se\/wp-content\/uploads\/2020\/09\/Insta-2.jpg\" height=\"667\" width=\"1000\" alt=\"\" class=\"slider-160 slide-212\" title=\"Porsche GT3\" \/><\/li>\n            <\/ul>\n        <\/div>\n        \n    <\/div>\n<\/div>\n","protected":false},"excerpt":{"rendered":"<p>V\u00e4lkommen till S\u00f6dermalms Billackering AB grundat 1947 Vi p\u00e5 S\u00f6dermalms Billackering hanterar alla slags skador inklusive pl\u00e5t- och riktarbeten. Oavsett om det g\u00e4ller det f\u00f6rs\u00e4kringsskador, bilpl\u00e5t, st\u00f6tf\u00e5ngare, spoilers eller lackering. Kom in eller h\u00f6r av dig till oss s\u00e5 tar vi hand om hela processen.<\/p>\n","protected":false},"author":1,"featured_media":0,"parent":0,"menu_order":0,"comment_status":"closed","ping_status":"closed","template":"","meta":[],"_links":{"self":[{"href":"https:\/\/sodermalmsbillackering.se\/index.php?rest_route=\/wp\/v2\/pages\/66"}],"collection":[{"href":"https:\/\/sodermalmsbillackering.se\/index.php?rest_route=\/wp\/v2\/pages"}],"about":[{"href":"https:\/\/sodermalmsbillackering.se\/index.php?rest_route=\/wp\/v2\/types\/page"}],"author":[{"embeddable":true,"href":"https:\/\/sodermalmsbillackering.se\/index.php?rest_route=\/wp\/v2\/users\/1"}],"replies":[{"embeddable":true,"href":"https:\/\/sodermalmsbillackering.se\/index.php?rest_route=%2Fwp%2Fv2%2Fcomments&post=66"}],"version-history":[{"count":11,"href":"https:\/\/sodermalmsbillackering.se\/index.php?rest_route=\/wp\/v2\/pages\/66\/revisions"}],"predecessor-version":[{"id":180,"href":"https:\/\/sodermalmsbillackering.se\/index.php?rest_route=\/wp\/v2\/pages\/66\/revisions\/180"}],"wp:attachment":[{"href":"https:\/\/sodermalmsbillackering.se\/index.php?rest_route=%2Fwp%2Fv2%2Fmedia&parent=66"}],"curies":[{"name":"wp","href":"https:\/\/api.w.org\/{rel}","templated":true}]}}