{"id":35,"date":"2017-02-19T15:22:51","date_gmt":"2017-02-19T14:22:51","guid":{"rendered":"http:\/\/sodermalmsbillackering.se\/?page_id=35"},"modified":"2020-09-22T12:27:22","modified_gmt":"2020-09-22T10:27:22","slug":"om-oss","status":"publish","type":"page","link":"https:\/\/sodermalmsbillackering.se\/?page_id=35","title":{"rendered":"Om oss"},"content":{"rendered":"<p><strong>V\u00e4lkommen till S\u00f6dermalms Billackering AB grundat 1947<\/strong><\/p>\n<p>S\u00f6dermalms Billackering ligger sedan 2014 l\u00e4ttillg\u00e4ngligt i H\u00f6gdalens Industriomr\u00e5de.<\/p>\n<p>Vi arbetar i \u00e4ndam\u00e5lsenliga lokaler med h\u00f6gsta milj\u00f6prioritet. Materialen vi anv\u00e4nder \u00e4r milj\u00f6v\u00e4nliga och lackerna vattenbaserade fr\u00e5n v\u00e5r f\u00e4rgleverant\u00f6r Spies-Hecker.<\/p>\n<p>Slipning, spackling och grundlackering g\u00f6rs i en v\u00e4l ventilerad hall och bilen lackeras i moderna sprutboxar med lyft och b\u00e4sta m\u00f6jliga belysning och ventilation.<\/p>\n<p><img loading=\"lazy\" class=\"alignnone size-medium wp-image-114\" src=\"http:\/\/sodermalmsbillackering.se\/wp-content\/uploads\/2017\/02\/20161201_093127_lr-300x150.jpg\" alt=\"\" width=\"300\" height=\"150\" srcset=\"https:\/\/sodermalmsbillackering.se\/wp-content\/uploads\/2017\/02\/20161201_093127_lr-300x150.jpg 300w, https:\/\/sodermalmsbillackering.se\/wp-content\/uploads\/2017\/02\/20161201_093127_lr-768x384.jpg 768w, https:\/\/sodermalmsbillackering.se\/wp-content\/uploads\/2017\/02\/20161201_093127_lr.jpg 800w\" sizes=\"(max-width: 300px) 100vw, 300px\" \/>\u00a0<img loading=\"lazy\" class=\"alignnone wp-image-127 size-full\" src=\"http:\/\/sodermalmsbillackering.se\/wp-content\/uploads\/2017\/02\/a-logo.jpg\" width=\"170\" height=\"75\" \/><\/p>\n","protected":false},"excerpt":{"rendered":"<p>V\u00e4lkommen till S\u00f6dermalms Billackering AB grundat 1947 S\u00f6dermalms Billackering ligger sedan 2014 l\u00e4ttillg\u00e4ngligt i H\u00f6gdalens Industriomr\u00e5de. Vi arbetar i \u00e4ndam\u00e5lsenliga lokaler med h\u00f6gsta milj\u00f6prioritet. Materialen vi anv\u00e4nder \u00e4r milj\u00f6v\u00e4nliga och lackerna vattenbaserade fr\u00e5n v\u00e5r f\u00e4rgleverant\u00f6r Spies-Hecker. Slipning, spackling och grundlackering g\u00f6rs i en v\u00e4l ventilerad hall och bilen lackeras i moderna sprutboxar med lyft och &hellip; <\/p>\n<p class=\"link-more\"><a href=\"https:\/\/sodermalmsbillackering.se\/?page_id=35\" class=\"more-link\">Forts\u00e4tt l\u00e4sa<span class=\"screen-reader-text\"> &#8221;Om oss&#8221;<\/span><\/a><\/p>\n","protected":false},"author":1,"featured_media":0,"parent":0,"menu_order":0,"comment_status":"closed","ping_status":"closed","template":"","meta":[],"_links":{"self":[{"href":"https:\/\/sodermalmsbillackering.se\/index.php?rest_route=\/wp\/v2\/pages\/35"}],"collection":[{"href":"https:\/\/sodermalmsbillackering.se\/index.php?rest_route=\/wp\/v2\/pages"}],"about":[{"href":"https:\/\/sodermalmsbillackering.se\/index.php?rest_route=\/wp\/v2\/types\/page"}],"author":[{"embeddable":true,"href":"https:\/\/sodermalmsbillackering.se\/index.php?rest_route=\/wp\/v2\/users\/1"}],"replies":[{"embeddable":true,"href":"https:\/\/sodermalmsbillackering.se\/index.php?rest_route=%2Fwp%2Fv2%2Fcomments&post=35"}],"version-history":[{"count":10,"href":"https:\/\/sodermalmsbillackering.se\/index.php?rest_route=\/wp\/v2\/pages\/35\/revisions"}],"predecessor-version":[{"id":214,"href":"https:\/\/sodermalmsbillackering.se\/index.php?rest_route=\/wp\/v2\/pages\/35\/revisions\/214"}],"wp:attachment":[{"href":"https:\/\/sodermalmsbillackering.se\/index.php?rest_route=%2Fwp%2Fv2%2Fmedia&parent=35"}],"curies":[{"name":"wp","href":"https:\/\/api.w.org\/{rel}","templated":true}]}}