{"id":104,"date":"2017-02-21T23:36:59","date_gmt":"2017-02-21T22:36:59","guid":{"rendered":"http:\/\/sodermalmsbillackering.se\/?page_id=104"},"modified":"2017-02-21T23:55:00","modified_gmt":"2017-02-21T22:55:00","slug":"snabblackering","status":"publish","type":"page","link":"https:\/\/sodermalmsbillackering.se\/?page_id=104","title":{"rendered":"Snabblackering"},"content":{"rendered":"<p>Snabblackeringar \u00e4r ett snabbt, smidigt och billigt s\u00e4tt att f\u00e5 repor, skrapm\u00e4rken och mindre bucklor fixade p\u00e5 en arbetsdag.<\/p>\n<p>Kostnaden understiger oftast kostnaden f\u00f6r f\u00f6rs\u00e4kringsbolagets sj\u00e4lvrisk och det blir d\u00e4rf\u00f6r billigare och enklare att komma direkt till oss.<\/p>\n<p>Vid snabblackering demonteras inga lister eller d\u00f6rrhandtag, de maskeras. Vi b\u00e4ttringslackerar endast skadan och h\u00e4rdar lacken med infrar\u00f6tt ljus.<\/p>\n<p>Snabblackering kostar endast fr\u00e5n 800 kronor.<\/p>\n<p>Kontakta oss f\u00f6r mer info<\/p>\n<p><img loading=\"lazy\" class=\"alignnone size-medium wp-image-116\" src=\"http:\/\/sodermalmsbillackering.se\/wp-content\/uploads\/2017\/02\/20161201_092121_lr-300x150.jpg\" alt=\"\" width=\"300\" height=\"150\" srcset=\"https:\/\/sodermalmsbillackering.se\/wp-content\/uploads\/2017\/02\/20161201_092121_lr-300x150.jpg 300w, https:\/\/sodermalmsbillackering.se\/wp-content\/uploads\/2017\/02\/20161201_092121_lr-768x384.jpg 768w, https:\/\/sodermalmsbillackering.se\/wp-content\/uploads\/2017\/02\/20161201_092121_lr.jpg 800w\" sizes=\"(max-width: 300px) 100vw, 300px\" \/><\/p>\n","protected":false},"excerpt":{"rendered":"<p>Snabblackeringar \u00e4r ett snabbt, smidigt och billigt s\u00e4tt att f\u00e5 repor, skrapm\u00e4rken och mindre bucklor fixade p\u00e5 en arbetsdag. Kostnaden understiger oftast kostnaden f\u00f6r f\u00f6rs\u00e4kringsbolagets sj\u00e4lvrisk och det blir d\u00e4rf\u00f6r billigare och enklare att komma direkt till oss. Vid snabblackering demonteras inga lister eller d\u00f6rrhandtag, de maskeras. Vi b\u00e4ttringslackerar endast skadan och h\u00e4rdar lacken med &hellip; <\/p>\n<p class=\"link-more\"><a href=\"https:\/\/sodermalmsbillackering.se\/?page_id=104\" class=\"more-link\">Forts\u00e4tt l\u00e4sa<span class=\"screen-reader-text\"> &#8221;Snabblackering&#8221;<\/span><\/a><\/p>\n","protected":false},"author":1,"featured_media":0,"parent":0,"menu_order":0,"comment_status":"closed","ping_status":"closed","template":"","meta":[],"_links":{"self":[{"href":"https:\/\/sodermalmsbillackering.se\/index.php?rest_route=\/wp\/v2\/pages\/104"}],"collection":[{"href":"https:\/\/sodermalmsbillackering.se\/index.php?rest_route=\/wp\/v2\/pages"}],"about":[{"href":"https:\/\/sodermalmsbillackering.se\/index.php?rest_route=\/wp\/v2\/types\/page"}],"author":[{"embeddable":true,"href":"https:\/\/sodermalmsbillackering.se\/index.php?rest_route=\/wp\/v2\/users\/1"}],"replies":[{"embeddable":true,"href":"https:\/\/sodermalmsbillackering.se\/index.php?rest_route=%2Fwp%2Fv2%2Fcomments&post=104"}],"version-history":[{"count":2,"href":"https:\/\/sodermalmsbillackering.se\/index.php?rest_route=\/wp\/v2\/pages\/104\/revisions"}],"predecessor-version":[{"id":118,"href":"https:\/\/sodermalmsbillackering.se\/index.php?rest_route=\/wp\/v2\/pages\/104\/revisions\/118"}],"wp:attachment":[{"href":"https:\/\/sodermalmsbillackering.se\/index.php?rest_route=%2Fwp%2Fv2%2Fmedia&parent=104"}],"curies":[{"name":"wp","href":"https:\/\/api.w.org\/{rel}","templated":true}]}}